{"id":48,"date":"2025-02-04T13:26:57","date_gmt":"2025-02-04T13:26:57","guid":{"rendered":"https:\/\/acfaugsburg.com\/contactgegevens\/"},"modified":"2025-02-04T13:26:57","modified_gmt":"2025-02-04T13:26:57","slug":"contactgegevens","status":"publish","type":"page","link":"https:\/\/acfaugsburg.com\/ro\/contactgegevens\/","title":{"rendered":"Date de contact"},"content":{"rendered":"<p>Ne-ar pl\u0103cea s\u0103 auzim p\u0103rerea ta! Ai \u00eentreb\u0103ri despre produsele sau articolele noastre sau dore\u0219ti s\u0103 ne oferi feedback? Echipa noastr\u0103 te va ajuta cu pl\u0103cere \u0219i \u00ee\u021bi va r\u0103spunde c\u00e2t mai cur\u00e2nd posibil.\n    <\/p>\n<h2>Trimite\u021bi-ne un mesaj<\/h2>\n<form action=\"\/ro\/submit\/\" method=\"post\" data-trp-original-action=\"\/submit\">\n        <label for=\"naam\">Nume:<\/label><br \/>\n        <input type=\"text\" id=\"naam\" name=\"naam\" required><\/p>\n<p>        <label for=\"email\">Adresa de e-mail:<\/label><br \/>\n        <input type=\"email\" id=\"email\" name=\"email\" required><\/p>\n<p>        <label for=\"onderwerp\">Subiect:<\/label><br \/>\n        <input type=\"text\" id=\"onderwerp\" name=\"onderwerp\" required><\/p>\n<p>        <label for=\"bericht\">Mesaj:<\/label><br \/>\n        <textarea id=\"bericht\" name=\"bericht\" rows=\"5\" required><\/textarea><\/p>\n<p>        <button type=\"submit\">Trimite<\/button><br \/>\n    <input type=\"hidden\" name=\"trp-form-language\" value=\"ro\"\/><\/form>","protected":false},"excerpt":{"rendered":"<p>Ne-ar pl\u0103cea s\u0103 auzim p\u0103rerea ta! Ai \u00eentreb\u0103ri despre produsele sau articolele noastre sau dore\u0219ti s\u0103 ne oferi feedback? Nostru\u2026<\/p>","protected":false},"author":1,"featured_media":0,"parent":0,"menu_order":0,"comment_status":"closed","ping_status":"closed","template":"","meta":{"_acf_changed":false,"footnotes":""},"class_list":["post-48","page","type-page","status-publish","hentry"],"acf":[],"yoast_head":"<!-- This site is optimized with the Yoast SEO plugin v23.2 - https:\/\/yoast.com\/wordpress\/plugins\/seo\/ -->\n<title>Contactgegevens - acfaugsburg.com<\/title>\n<meta name=\"description\" content=\"Heeft u vragen of feedback over onze producten of artikelen? Wij helpen graag en streven ernaar om snel en effectief te reageren op uw verzoeken.\" \/>\n<meta name=\"robots\" content=\"index, follow, max-snippet:-1, max-image-preview:large, max-video-preview:-1\" \/>\n<link rel=\"canonical\" href=\"https:\/\/acfaugsburg.com\/ro\/contactgegevens\/\" \/>\n<meta property=\"og:locale\" content=\"ro_RO\" \/>\n<meta property=\"og:type\" content=\"article\" \/>\n<meta property=\"og:title\" content=\"Contactgegevens - acfaugsburg.com\" \/>\n<meta property=\"og:description\" content=\"Heeft u vragen of feedback over onze producten of artikelen? Wij helpen graag en streven ernaar om snel en effectief te reageren op uw verzoeken.\" \/>\n<meta property=\"og:url\" content=\"https:\/\/acfaugsburg.com\/ro\/contactgegevens\/\" \/>\n<meta property=\"og:site_name\" content=\"acfaugsburg.com\" \/>\n<meta name=\"twitter:card\" content=\"summary_large_image\" \/>\n<script type=\"application\/ld+json\" class=\"yoast-schema-graph\">{\"@context\":\"https:\/\/schema.org\",\"@graph\":[{\"@type\":\"WebPage\",\"@id\":\"https:\/\/acfaugsburg.com\/contactgegevens\/\",\"url\":\"https:\/\/acfaugsburg.com\/contactgegevens\/\",\"name\":\"Contactgegevens - acfaugsburg.com\",\"isPartOf\":{\"@id\":\"https:\/\/acfaugsburg.com\/#website\"},\"datePublished\":\"2025-02-04T13:26:57+00:00\",\"dateModified\":\"2025-02-04T13:26:57+00:00\",\"description\":\"Heeft u vragen of feedback over onze producten of artikelen? Wij helpen graag en streven ernaar om snel en effectief te reageren op uw verzoeken.\",\"breadcrumb\":{\"@id\":\"https:\/\/acfaugsburg.com\/contactgegevens\/#breadcrumb\"},\"inLanguage\":\"ro-RO\",\"potentialAction\":[{\"@type\":\"ReadAction\",\"target\":[\"https:\/\/acfaugsburg.com\/contactgegevens\/\"]}]},{\"@type\":\"BreadcrumbList\",\"@id\":\"https:\/\/acfaugsburg.com\/contactgegevens\/#breadcrumb\",\"itemListElement\":[{\"@type\":\"ListItem\",\"position\":1,\"name\":\"Home\",\"item\":\"https:\/\/acfaugsburg.com\/\"},{\"@type\":\"ListItem\",\"position\":2,\"name\":\"Contactgegevens\"}]},{\"@type\":\"WebSite\",\"@id\":\"https:\/\/acfaugsburg.com\/#website\",\"url\":\"https:\/\/acfaugsburg.com\/\",\"name\":\"acfaugsburg.com\",\"description\":\"Expert Mode &amp; Kledingadvies\",\"potentialAction\":[{\"@type\":\"SearchAction\",\"target\":{\"@type\":\"EntryPoint\",\"urlTemplate\":\"https:\/\/acfaugsburg.com\/?s={search_term_string}\"},\"query-input\":\"required name=search_term_string\"}],\"inLanguage\":\"ro-RO\"}]}<\/script>\n<!-- \/ Yoast SEO plugin. -->","yoast_head_json":{"title":"Contactgegevens - acfaugsburg.com","description":"Heeft u vragen of feedback over onze producten of artikelen? Wij helpen graag en streven ernaar om snel en effectief te reageren op uw verzoeken.","robots":{"index":"index","follow":"follow","max-snippet":"max-snippet:-1","max-image-preview":"max-image-preview:large","max-video-preview":"max-video-preview:-1"},"canonical":"https:\/\/acfaugsburg.com\/ro\/contactgegevens\/","og_locale":"ro_RO","og_type":"article","og_title":"Contactgegevens - acfaugsburg.com","og_description":"Heeft u vragen of feedback over onze producten of artikelen? Wij helpen graag en streven ernaar om snel en effectief te reageren op uw verzoeken.","og_url":"https:\/\/acfaugsburg.com\/ro\/contactgegevens\/","og_site_name":"acfaugsburg.com","twitter_card":"summary_large_image","schema":{"@context":"https:\/\/schema.org","@graph":[{"@type":"WebPage","@id":"https:\/\/acfaugsburg.com\/contactgegevens\/","url":"https:\/\/acfaugsburg.com\/contactgegevens\/","name":"Contactgegevens - acfaugsburg.com","isPartOf":{"@id":"https:\/\/acfaugsburg.com\/#website"},"datePublished":"2025-02-04T13:26:57+00:00","dateModified":"2025-02-04T13:26:57+00:00","description":"Heeft u vragen of feedback over onze producten of artikelen? Wij helpen graag en streven ernaar om snel en effectief te reageren op uw verzoeken.","breadcrumb":{"@id":"https:\/\/acfaugsburg.com\/contactgegevens\/#breadcrumb"},"inLanguage":"ro-RO","potentialAction":[{"@type":"ReadAction","target":["https:\/\/acfaugsburg.com\/contactgegevens\/"]}]},{"@type":"BreadcrumbList","@id":"https:\/\/acfaugsburg.com\/contactgegevens\/#breadcrumb","itemListElement":[{"@type":"ListItem","position":1,"name":"Home","item":"https:\/\/acfaugsburg.com\/"},{"@type":"ListItem","position":2,"name":"Contactgegevens"}]},{"@type":"WebSite","@id":"https:\/\/acfaugsburg.com\/#website","url":"https:\/\/acfaugsburg.com\/","name":"acfaugsburg.com","description":"Expert Mode &amp; Kledingadvies","potentialAction":[{"@type":"SearchAction","target":{"@type":"EntryPoint","urlTemplate":"https:\/\/acfaugsburg.com\/?s={search_term_string}"},"query-input":"required name=search_term_string"}],"inLanguage":"ro-RO"}]}},"yoast_meta":{"yoast_wpseo_title":"","yoast_wpseo_metadesc":"","yoast_wpseo_canonical":"https:\/\/acfaugsburg.com\/ro\/wp-json\/wp\/v2\/pages\/48"},"_links":{"self":[{"href":"https:\/\/acfaugsburg.com\/ro\/wp-json\/wp\/v2\/pages\/48","targetHints":{"allow":["GET"]}}],"collection":[{"href":"https:\/\/acfaugsburg.com\/ro\/wp-json\/wp\/v2\/pages"}],"about":[{"href":"https:\/\/acfaugsburg.com\/ro\/wp-json\/wp\/v2\/types\/page"}],"author":[{"embeddable":true,"href":"https:\/\/acfaugsburg.com\/ro\/wp-json\/wp\/v2\/users\/1"}],"replies":[{"embeddable":true,"href":"https:\/\/acfaugsburg.com\/ro\/wp-json\/wp\/v2\/comments?post=48"}],"version-history":[{"count":0,"href":"https:\/\/acfaugsburg.com\/ro\/wp-json\/wp\/v2\/pages\/48\/revisions"}],"wp:attachment":[{"href":"https:\/\/acfaugsburg.com\/ro\/wp-json\/wp\/v2\/media?parent=48"}],"curies":[{"name":"wp","href":"https:\/\/api.w.org\/{rel}","templated":true}]}}