{"id":47,"date":"2025-02-04T13:26:55","date_gmt":"2025-02-04T13:26:55","guid":{"rendered":"https:\/\/acfaugsburg.com\/over-het-bedrijf\/"},"modified":"2025-02-05T09:31:56","modified_gmt":"2025-02-05T09:31:56","slug":"over-het-bedrijf","status":"publish","type":"page","link":"https:\/\/acfaugsburg.com\/ro\/over-het-bedrijf\/","title":{"rendered":"Despre companie"},"content":{"rendered":"<h2>La ce s\u0103 v\u0103 a\u0219tepta\u021bi aici<\/h2>\n<p>Blogul nostru ofer\u0103 o colec\u021bie divers\u0103 de articole despre mod\u0103 \u0219i stil. Iat\u0103 c\u00e2teva dintre subiectele pe care le abord\u0103m:<\/p>\n<ul>\n<li>Cele mai recente tendin\u021be \u00een mod\u0103 \u0219i cum s\u0103 le \u00eencorporezi \u00een \u021binutele tale de zi cu zi<\/li>\n<li>Sfaturi esen\u021biale de stil pentru fiecare ocazie<\/li>\n<li>Cum s\u0103 combini diferite haine \u0219i accesorii<\/li>\n<li>Sfaturi despre mod\u0103 sustenabil\u0103 \u0219i alegeri etice<\/li>\n<li>Pove\u0219ti despre icoane ale modei \u0219i stiluri inspira\u021bionale<\/li>\n<\/ul>\n<p><img loading=\"lazy\" decoding=\"async\" class=\"aligncenter wp-image-46 size-full\" src=\"https:\/\/acfaugsburg.com\/wp-content\/uploads\/sovremennyj-derevyannyj-shkaf-s-zhenskoj-odezhdoj-visit-na-zheleznoj-doroge-v-hodbe-v-shkafu-dizajn.jpg\" alt=\"\" width=\"612\" height=\"556\" srcset=\"https:\/\/acfaugsburg.com\/wp-content\/uploads\/sovremennyj-derevyannyj-shkaf-s-zhenskoj-odezhdoj-visit-na-zheleznoj-doroge-v-hodbe-v-shkafu-dizajn.jpg 612w, https:\/\/acfaugsburg.com\/wp-content\/uploads\/sovremennyj-derevyannyj-shkaf-s-zhenskoj-odezhdoj-visit-na-zheleznoj-doroge-v-hodbe-v-shkafu-dizajn-300x273.jpg 300w\" sizes=\"auto, (max-width: 612px) 100vw, 612px\" \/><\/p>\n<h2>Contacta\u0163i-ne<\/h2>\n<p>Ne-ar pl\u0103cea s\u0103 auzim p\u0103rerea ta! Ai \u00eentreb\u0103ri sau sugestii? Sau vrei doar s\u0103 ne \u00eemp\u0103rt\u0103\u0219e\u0219ti g\u00e2ndurile tale despre mod\u0103? Contacteaz\u0103-ne la <a href=\"mailto:info@acfaugsburg.com\">info@acfaugsburg.com<\/a>Suntem \u00eentotdeauna deschi\u0219i la feedback \u0219i a\u0219tept\u0103m cu ner\u0103bdare s\u0103 discut\u0103m cu dumneavoastr\u0103.<\/p>\n<p>V\u0103 mul\u021bumim c\u0103 a\u021bi vizitat blogul nostru. Sper\u0103m c\u0103 con\u021binutul nostru v\u0103 va inspira s\u0103 descoperi\u021bi stiluri noi \u0219i s\u0103 v\u0103 \u00eembun\u0103t\u0103\u021bi\u021bi experien\u021ba \u00een lumea modei!<\/p>","protected":false},"excerpt":{"rendered":"<p>La ce s\u0103 v\u0103 a\u0219tepta\u021bi aici: Blogul nostru ofer\u0103 o colec\u021bie divers\u0103 de articole despre mod\u0103 \u0219i stil. Iat\u0103 c\u00e2teva dintre subiecte\u2026<\/p>","protected":false},"author":1,"featured_media":0,"parent":0,"menu_order":0,"comment_status":"closed","ping_status":"closed","template":"","meta":{"_acf_changed":false,"footnotes":""},"class_list":["post-47","page","type-page","status-publish","hentry"],"acf":[],"yoast_head":"<!-- This site is optimized with the Yoast SEO plugin v23.2 - https:\/\/yoast.com\/wordpress\/plugins\/seo\/ -->\n<title>Over het bedrijf - acfaugsburg.com<\/title>\n<meta name=\"description\" content=\"ACFAugsburg biedt mode-inspiratie, tips voor het combineren van outfits, en advies over duurzame mode om jouw stijl te verbeteren\" \/>\n<meta name=\"robots\" content=\"index, follow, max-snippet:-1, max-image-preview:large, max-video-preview:-1\" \/>\n<link rel=\"canonical\" href=\"https:\/\/acfaugsburg.com\/ro\/over-het-bedrijf\/\" \/>\n<meta property=\"og:locale\" content=\"ro_RO\" \/>\n<meta property=\"og:type\" content=\"article\" \/>\n<meta property=\"og:title\" content=\"Over het bedrijf - acfaugsburg.com\" \/>\n<meta property=\"og:description\" content=\"ACFAugsburg biedt mode-inspiratie, tips voor het combineren van outfits, en advies over duurzame mode om jouw stijl te verbeteren\" \/>\n<meta property=\"og:url\" content=\"https:\/\/acfaugsburg.com\/ro\/over-het-bedrijf\/\" \/>\n<meta property=\"og:site_name\" content=\"acfaugsburg.com\" \/>\n<meta property=\"article:modified_time\" content=\"2025-02-05T09:31:56+00:00\" \/>\n<meta property=\"og:image\" content=\"https:\/\/acfaugsburg.com\/wp-content\/uploads\/sovremennyj-derevyannyj-shkaf-s-zhenskoj-odezhdoj-visit-na-zheleznoj-doroge-v-hodbe-v-shkafu-dizajn.jpg\" \/>\n<meta name=\"twitter:card\" content=\"summary_large_image\" \/>\n<meta name=\"twitter:label1\" content=\"Timp estimat pentru citire\" \/>\n\t<meta name=\"twitter:data1\" content=\"2 minute\" \/>\n<script type=\"application\/ld+json\" class=\"yoast-schema-graph\">{\"@context\":\"https:\/\/schema.org\",\"@graph\":[{\"@type\":\"WebPage\",\"@id\":\"https:\/\/acfaugsburg.com\/over-het-bedrijf\/\",\"url\":\"https:\/\/acfaugsburg.com\/over-het-bedrijf\/\",\"name\":\"Over het bedrijf - acfaugsburg.com\",\"isPartOf\":{\"@id\":\"https:\/\/acfaugsburg.com\/#website\"},\"primaryImageOfPage\":{\"@id\":\"https:\/\/acfaugsburg.com\/over-het-bedrijf\/#primaryimage\"},\"image\":{\"@id\":\"https:\/\/acfaugsburg.com\/over-het-bedrijf\/#primaryimage\"},\"thumbnailUrl\":\"https:\/\/acfaugsburg.com\/wp-content\/uploads\/sovremennyj-derevyannyj-shkaf-s-zhenskoj-odezhdoj-visit-na-zheleznoj-doroge-v-hodbe-v-shkafu-dizajn.jpg\",\"datePublished\":\"2025-02-04T13:26:55+00:00\",\"dateModified\":\"2025-02-05T09:31:56+00:00\",\"description\":\"ACFAugsburg biedt mode-inspiratie, tips voor het combineren van outfits, en advies over duurzame mode om jouw stijl te verbeteren\",\"breadcrumb\":{\"@id\":\"https:\/\/acfaugsburg.com\/over-het-bedrijf\/#breadcrumb\"},\"inLanguage\":\"ro-RO\",\"potentialAction\":[{\"@type\":\"ReadAction\",\"target\":[\"https:\/\/acfaugsburg.com\/over-het-bedrijf\/\"]}]},{\"@type\":\"ImageObject\",\"inLanguage\":\"ro-RO\",\"@id\":\"https:\/\/acfaugsburg.com\/over-het-bedrijf\/#primaryimage\",\"url\":\"https:\/\/acfaugsburg.com\/wp-content\/uploads\/sovremennyj-derevyannyj-shkaf-s-zhenskoj-odezhdoj-visit-na-zheleznoj-doroge-v-hodbe-v-shkafu-dizajn.jpg\",\"contentUrl\":\"https:\/\/acfaugsburg.com\/wp-content\/uploads\/sovremennyj-derevyannyj-shkaf-s-zhenskoj-odezhdoj-visit-na-zheleznoj-doroge-v-hodbe-v-shkafu-dizajn.jpg\"},{\"@type\":\"BreadcrumbList\",\"@id\":\"https:\/\/acfaugsburg.com\/over-het-bedrijf\/#breadcrumb\",\"itemListElement\":[{\"@type\":\"ListItem\",\"position\":1,\"name\":\"Home\",\"item\":\"https:\/\/acfaugsburg.com\/\"},{\"@type\":\"ListItem\",\"position\":2,\"name\":\"Over het bedrijf\"}]},{\"@type\":\"WebSite\",\"@id\":\"https:\/\/acfaugsburg.com\/#website\",\"url\":\"https:\/\/acfaugsburg.com\/\",\"name\":\"acfaugsburg.com\",\"description\":\"Expert Mode &amp; Kledingadvies\",\"potentialAction\":[{\"@type\":\"SearchAction\",\"target\":{\"@type\":\"EntryPoint\",\"urlTemplate\":\"https:\/\/acfaugsburg.com\/?s={search_term_string}\"},\"query-input\":\"required name=search_term_string\"}],\"inLanguage\":\"ro-RO\"}]}<\/script>\n<!-- \/ Yoast SEO plugin. -->","yoast_head_json":{"title":"Over het bedrijf - acfaugsburg.com","description":"ACFAugsburg biedt mode-inspiratie, tips voor het combineren van outfits, en advies over duurzame mode om jouw stijl te verbeteren","robots":{"index":"index","follow":"follow","max-snippet":"max-snippet:-1","max-image-preview":"max-image-preview:large","max-video-preview":"max-video-preview:-1"},"canonical":"https:\/\/acfaugsburg.com\/ro\/over-het-bedrijf\/","og_locale":"ro_RO","og_type":"article","og_title":"Over het bedrijf - acfaugsburg.com","og_description":"ACFAugsburg biedt mode-inspiratie, tips voor het combineren van outfits, en advies over duurzame mode om jouw stijl te verbeteren","og_url":"https:\/\/acfaugsburg.com\/ro\/over-het-bedrijf\/","og_site_name":"acfaugsburg.com","article_modified_time":"2025-02-05T09:31:56+00:00","og_image":[{"url":"https:\/\/acfaugsburg.com\/wp-content\/uploads\/sovremennyj-derevyannyj-shkaf-s-zhenskoj-odezhdoj-visit-na-zheleznoj-doroge-v-hodbe-v-shkafu-dizajn.jpg"}],"twitter_card":"summary_large_image","twitter_misc":{"Timp estimat pentru citire":"2 minute"},"schema":{"@context":"https:\/\/schema.org","@graph":[{"@type":"WebPage","@id":"https:\/\/acfaugsburg.com\/over-het-bedrijf\/","url":"https:\/\/acfaugsburg.com\/over-het-bedrijf\/","name":"Over het bedrijf - acfaugsburg.com","isPartOf":{"@id":"https:\/\/acfaugsburg.com\/#website"},"primaryImageOfPage":{"@id":"https:\/\/acfaugsburg.com\/over-het-bedrijf\/#primaryimage"},"image":{"@id":"https:\/\/acfaugsburg.com\/over-het-bedrijf\/#primaryimage"},"thumbnailUrl":"https:\/\/acfaugsburg.com\/wp-content\/uploads\/sovremennyj-derevyannyj-shkaf-s-zhenskoj-odezhdoj-visit-na-zheleznoj-doroge-v-hodbe-v-shkafu-dizajn.jpg","datePublished":"2025-02-04T13:26:55+00:00","dateModified":"2025-02-05T09:31:56+00:00","description":"ACFAugsburg biedt mode-inspiratie, tips voor het combineren van outfits, en advies over duurzame mode om jouw stijl te verbeteren","breadcrumb":{"@id":"https:\/\/acfaugsburg.com\/over-het-bedrijf\/#breadcrumb"},"inLanguage":"ro-RO","potentialAction":[{"@type":"ReadAction","target":["https:\/\/acfaugsburg.com\/over-het-bedrijf\/"]}]},{"@type":"ImageObject","inLanguage":"ro-RO","@id":"https:\/\/acfaugsburg.com\/over-het-bedrijf\/#primaryimage","url":"https:\/\/acfaugsburg.com\/wp-content\/uploads\/sovremennyj-derevyannyj-shkaf-s-zhenskoj-odezhdoj-visit-na-zheleznoj-doroge-v-hodbe-v-shkafu-dizajn.jpg","contentUrl":"https:\/\/acfaugsburg.com\/wp-content\/uploads\/sovremennyj-derevyannyj-shkaf-s-zhenskoj-odezhdoj-visit-na-zheleznoj-doroge-v-hodbe-v-shkafu-dizajn.jpg"},{"@type":"BreadcrumbList","@id":"https:\/\/acfaugsburg.com\/over-het-bedrijf\/#breadcrumb","itemListElement":[{"@type":"ListItem","position":1,"name":"Home","item":"https:\/\/acfaugsburg.com\/"},{"@type":"ListItem","position":2,"name":"Over het bedrijf"}]},{"@type":"WebSite","@id":"https:\/\/acfaugsburg.com\/#website","url":"https:\/\/acfaugsburg.com\/","name":"acfaugsburg.com","description":"Expert Mode &amp; Kledingadvies","potentialAction":[{"@type":"SearchAction","target":{"@type":"EntryPoint","urlTemplate":"https:\/\/acfaugsburg.com\/?s={search_term_string}"},"query-input":"required name=search_term_string"}],"inLanguage":"ro-RO"}]}},"yoast_meta":{"yoast_wpseo_title":"","yoast_wpseo_metadesc":"","yoast_wpseo_canonical":"https:\/\/acfaugsburg.com\/ro\/wp-json\/wp\/v2\/pages\/47"},"_links":{"self":[{"href":"https:\/\/acfaugsburg.com\/ro\/wp-json\/wp\/v2\/pages\/47","targetHints":{"allow":["GET"]}}],"collection":[{"href":"https:\/\/acfaugsburg.com\/ro\/wp-json\/wp\/v2\/pages"}],"about":[{"href":"https:\/\/acfaugsburg.com\/ro\/wp-json\/wp\/v2\/types\/page"}],"author":[{"embeddable":true,"href":"https:\/\/acfaugsburg.com\/ro\/wp-json\/wp\/v2\/users\/1"}],"replies":[{"embeddable":true,"href":"https:\/\/acfaugsburg.com\/ro\/wp-json\/wp\/v2\/comments?post=47"}],"version-history":[{"count":1,"href":"https:\/\/acfaugsburg.com\/ro\/wp-json\/wp\/v2\/pages\/47\/revisions"}],"predecessor-version":[{"id":56,"href":"https:\/\/acfaugsburg.com\/ro\/wp-json\/wp\/v2\/pages\/47\/revisions\/56"}],"wp:attachment":[{"href":"https:\/\/acfaugsburg.com\/ro\/wp-json\/wp\/v2\/media?parent=47"}],"curies":[{"name":"wp","href":"https:\/\/api.w.org\/{rel}","templated":true}]}}